{"id":2135,"date":"2022-05-24T18:01:57","date_gmt":"2022-05-24T18:01:57","guid":{"rendered":"https:\/\/dasgrasshop.com\/?post_type=product&#038;p=2135"},"modified":"2022-11-25T22:07:06","modified_gmt":"2022-11-25T22:07:06","slug":"kaufe-marokkanisches-haschisch","status":"publish","type":"product","link":"https:\/\/dasgrasshop.com\/sv\/product\/koepa-marockansk-hashish\/","title":{"rendered":"K\u00f6p marockansk hasch"},"content":{"rendered":"<p>K\u00f6p marockansk hasch p\u00e5 n\u00e4tet.<\/p>\n<p>&nbsp;<\/p>\n<p>K\u00f6p marockansk hasch online Det verkliga ursprunget till den hasch du kan best\u00e4lla fr\u00e5n oss \u00e4r ok\u00e4nt, men historiker \u00e4r \u00f6verens om att den f\u00f6rdes till Marocko under de islamiska er\u00f6vringarna, mellan 1400- och 1600-talen. Det gick dock m\u00e5nga \u00e5rhundraden innan hasch s\u00e5ldes i stor skala runt om i v\u00e4rlden, runt 60-70-talen, hippiernas gyllene tid.<\/p>\n<p>Haschisch, som det kallas i det h\u00e4r landet, konsumeras vanligtvis tillsammans med svart tobak som rullas ihop till en joint. I Rif-regionen ing\u00e5r dock konsumtion av best\u00e4lld hasch i vissa traditionella ritualer. J\u00e4mf\u00f6rt med andra omr\u00e5den i Marocko hade denna region privilegier n\u00e4r det g\u00e4ller odling och anv\u00e4ndning av cannabis fram till 1950-talet.<\/p>\n<p>I dag tj\u00e4nar tusentals m\u00e4nniskor i landet sitt levebr\u00f6d p\u00e5 att k\u00f6pa och s\u00e4lja hasch p\u00e5 n\u00e4tet. P\u00e5 grund av de h\u00f6ga temperaturerna \u00e4r detta omr\u00e5de idealiskt f\u00f6r haschproduktion, f\u00f6r \u00e4ven om andra v\u00e4xtarter inte skulle \u00f6verleva d\u00e4r, \u00e4r klimatet extremt gynnsamt f\u00f6r ogr\u00e4sv\u00e4xter som anv\u00e4nds f\u00f6r att framst\u00e4lla hasch.<\/p>\n<p>&nbsp;<\/p>\n<p>buy maroccan hashish online, eller marockansk hasch, \u00e4r en extraherad produkt som best\u00e5r av komprimerade eller renade preparat av st\u00e4nglade hartsk\u00f6rtlar som kallas trikomer fr\u00e5n cannabisplantan. Det inneh\u00e5ller samma aktiva ingredienser som marijuana - t.ex. tetrahydrocannabinol (<a href=\"https:\/\/dasgrasshop.com\/sv\/\">THC<\/a>) och andra cannabinoider - men ofta i h\u00f6gre koncentrationer \u00e4n de osorterade knoppar eller blad som marijuana tillverkas av. Hasch kan vara fast eller harsyra beroende p\u00e5 hur det framst\u00e4lls; pressat hasch \u00e4r vanligtvis fast, medan vattenrenat hasch - ofta kallat \"bubbel melt hasch\" - ofta \u00e4r en past\u00f6s substans med varierande h\u00e5rdhet och j\u00e4mnhet. F\u00e4rgen, som oftast \u00e4r ljus- till m\u00f6rkbrun, kan variera fr\u00e5n genomskinlig till gul, brun, svart eller r\u00f6d. Allt beror p\u00e5 processen och m\u00e4ngden kvarvarande l\u00f6sningsmedel.<\/p>\n<p>I detta sammanhang \u00f6verf\u00f6rdes de tidigare sedv\u00e4njorna, rutinerna och de traditionella koderna f\u00f6r prestation, heder, r\u00e4ttvisa och misstro mot auktoriteter fr\u00e5n distrikten Bryssel, Amsterdam och Antwerpen, vilket gjorde att dessa samh\u00e4llen \u00f6kade drastiskt, framf\u00f6r allt genom att man tillsammans med den holl\u00e4ndska Penose, som d\u00e5 var en av de ledande juridiska organisationerna i Europa, inr\u00e4ttade ett hj\u00e4lpsamt f\u00f6rh\u00e5llande. Vare sig de belgiska och nederl\u00e4ndska myndigheterna hade r\u00e4tt eller inte, karakteriserade de dessa samh\u00e4llen genom sin \"sociala isolering\" och ett \"mycket mer aggressivt stamsamh\u00e4lle\" som skilde dem fr\u00e5n andra invandrargrupper.<\/p>\n<p>K\u00f6p marockansk hasch p\u00e5 n\u00e4tet: \u00c5teranv\u00e4ndning av antika tr\u00e4- eller glasd\u00f6rrar \u00e4r en milj\u00f6v\u00e4nlig l\u00f6sning f\u00f6r att piffa upp inredningen. Hetta upp en smidd j\u00e4rnpanna p\u00e5 medelv\u00e4rme. N\u00e4r det br\u00e4ser, tills\u00e4tt en matsked grapefr\u00f6olja och v\u00e4nd runt s\u00e5 att botten av stekpannan t\u00e4cks. \u00d6ka v\u00e4rmen och krydda potatisen med en nypa salt och svartpeppar.Huvudvittnet i Marengo-r\u00e4tteg\u00e5ngen, vars personliga bror m\u00f6rdades tillsammans med sin advokat av Taghis organisation f\u00f6r att ha avsl\u00f6jat deras inre arbete. Den person som misst\u00e4nks f\u00f6r mordet p\u00e5 De Vries \u00e4r i sj\u00e4lva verket en sl\u00e4kting till den person som kontrollerar Taghis mordkommando, vilket ger de nederl\u00e4ndska myndigheterna ytterligare sk\u00e4l att tro att Taghis organisation \u00e4r ansvarig f\u00f6r mordet.<\/p>","protected":false},"excerpt":{"rendered":"<p>30 gram<\/p>\n<p>Diskret service\u2714 100 % pengarna tillbaka-garanti\u2714 Leverans med sp\u00e5rning\u2714. 100 % kundn\u00f6jdhet\u2714. Gratis 5 g av 5 olika sorter f\u00f6r f\u00f6rstag\u00e5ngsk\u00f6pare<\/p>","protected":false},"featured_media":2136,"comment_status":"open","ping_status":"closed","template":"","meta":[],"product_brand":[],"product_cat":[19],"product_tag":[],"class_list":{"0":"post-2135","1":"product","2":"type-product","3":"status-publish","4":"has-post-thumbnail","6":"product_cat-haschisch-online-kaufen","8":"first","9":"instock","10":"sale","11":"shipping-taxable","12":"purchasable","13":"product-type-simple"},"_links":{"self":[{"href":"https:\/\/dasgrasshop.com\/sv\/wp-json\/wp\/v2\/product\/2135","targetHints":{"allow":["GET"]}}],"collection":[{"href":"https:\/\/dasgrasshop.com\/sv\/wp-json\/wp\/v2\/product"}],"about":[{"href":"https:\/\/dasgrasshop.com\/sv\/wp-json\/wp\/v2\/types\/product"}],"replies":[{"embeddable":true,"href":"https:\/\/dasgrasshop.com\/sv\/wp-json\/wp\/v2\/comments?post=2135"}],"wp:featuredmedia":[{"embeddable":true,"href":"https:\/\/dasgrasshop.com\/sv\/wp-json\/wp\/v2\/media\/2136"}],"wp:attachment":[{"href":"https:\/\/dasgrasshop.com\/sv\/wp-json\/wp\/v2\/media?parent=2135"}],"wp:term":[{"taxonomy":"product_brand","embeddable":true,"href":"https:\/\/dasgrasshop.com\/sv\/wp-json\/wp\/v2\/product_brand?post=2135"},{"taxonomy":"product_cat","embeddable":true,"href":"https:\/\/dasgrasshop.com\/sv\/wp-json\/wp\/v2\/product_cat?post=2135"},{"taxonomy":"product_tag","embeddable":true,"href":"https:\/\/dasgrasshop.com\/sv\/wp-json\/wp\/v2\/product_tag?post=2135"}],"curies":[{"name":"wp","href":"https:\/\/api.w.org\/{rel}","templated":true}]}}