{"id":2075,"date":"2022-03-07T15:12:25","date_gmt":"2022-03-07T15:12:25","guid":{"rendered":"https:\/\/dasgrasshop.com\/?post_type=product&#038;p=2075"},"modified":"2022-03-07T15:15:06","modified_gmt":"2022-03-07T15:15:06","slug":"grand-daddy-purple","status":"publish","type":"product","link":"https:\/\/dasgrasshop.com\/th\/product\/grand-daddy-purple\/","title":{"rendered":"Grand Daddy Purple"},"content":{"rendered":"<p>Grand daddy purple zu verkaufen<br \/>\nEndlich eine Indica zum Besprechen! Bevor Cookies die &#8222;it&#8220;-Sorte war, gab es Grand Daddy Purple for sale (GDP), die mehr als 5 Jahre lang die Cannabis-Community beherrschte. Nun, das ist eine ziemliche Titelserie! Sie ist unbestreitbar die ber\u00fchmteste aller Purple-Sorten. Diese leicht zu findende und leicht zu z\u00fcchtende Sorte ist ein fester Bestandteil der Gras-Szene und l\u00e4sst Sie immer wieder zur\u00fcckkommen. grand daddy purple strain for sale.<\/p>\n<p>Aussehen und Geruch<\/p>\n<p>Die Knospen von Grand Daddy Purple zum Verkauf sind ein unglaublich dichtes Gr\u00fcn, das mit zunehmender Reife der Pflanze tief violette Farbt\u00f6ne annimmt, die sich durch die gesamten Knospen ziehen (nicht nur auf der Au\u00dfenseite). Leuchtend orangefarbene Haare sind reichlich vorhanden und bieten einen sch\u00f6nen Kontrast zu den anderen Farben, die die harzbeschichteten Knospen zieren. Der Geruch ist einfach, und das mag ein bisschen klischeehaft sein, aber es riecht wirklich nach Trauben.<\/p>\n<p>Der Rauch<\/p>\n<p>In meinem fr\u00fcheren Leben habe ich diese Sorte viele Jahre lang angebaut. Ich kann GDP leicht allein durch den Geschmack identifizieren. Wiederum ist ein ausgepr\u00e4gter Traubengeschmack das vorherrschende Aroma. Dieser Geschmack neigt dazu, auf der Zunge f\u00fcr einen l\u00e4ngeren Zeitraum zu verweilen. Die Wirkung ist lang anhaltend (3-4 Stunden) mit einem sanften, gleichm\u00e4\u00dfigen Gef\u00fchl. Erstaunliche Medikamente, um Ihre Nacht in einer tiefen K\u00f6rperschmelze zu beenden. Grand Daddy lila Stamm zum Verkauf kontaktieren Sie uns jetzt<\/p>\n<p>Insgesamt<\/p>\n<p>Ich denke immer an Grand Daddy Purple als eine n\u00e4chtliche Sorte. Obwohl es nicht die st\u00e4rkste Indica-Sorte ist, fallen mir viele andere Sorten ein, die besser f\u00fcr den Tagesgebrauch geeignet sind. Abgesehen davon gilt GDP als eine der besten &#8222;heilenden&#8220; Sorten. Dies und die appetitsteigernden Eigenschaften machen sie zu einem Favoriten unter Patienten, die mit den Nebenwirkungen einer Chemotherapie zu k\u00e4mpfen haben. GDP eignet sich auch hervorragend f\u00fcr Schlaflosigkeitsprobleme. GDP scheint jetzt \u00fcberall zu sein, wenn Sie also auf sie sto\u00dfen, verpassen Sie nicht Ihre Chance, an dieser legend\u00e4ren Sorte teilzuhaben. grand daddy purple zu verkaufen. purple punch strain<\/p>","protected":false},"excerpt":{"rendered":"<p>Grand daddy purple zu verkaufen Endlich eine Indica zum Besprechen! Bevor Cookies die &#8222;it&#8220;-Sorte war, gab es Grand Daddy Purple for sale (GDP), die mehr als 5 Jahre lang die Cannabis-Community beherrschte. Nun, das ist eine ziemliche Titelserie! Sie ist unbestreitbar die ber\u00fchmteste aller Purple-Sorten. Diese leicht zu findende und leicht zu z\u00fcchtende Sorte ist [&hellip;]<\/p>","protected":false},"featured_media":2076,"comment_status":"open","ping_status":"closed","template":"","meta":[],"product_brand":[],"product_cat":[20],"product_tag":[29,32,33,27,34,30,28,31,35,36],"class_list":{"0":"post-2075","1":"product","2":"type-product","3":"status-publish","4":"has-post-thumbnail","6":"product_cat-exotische-weed-aromen-kaufen","7":"product_tag-cannabis-kaufen","8":"product_tag-cannabis-online-kaufen","9":"product_tag-gras-bestellen","10":"product_tag-gras-kaufen","11":"product_tag-gras-online-kaufen","12":"product_tag-marihuana-kaufen","13":"product_tag-thc-kaufen","14":"product_tag-weed-kaufen","15":"product_tag-weed-online-bestellen","16":"product_tag-weed-online-kaufen","18":"first","19":"instock","20":"shipping-taxable","21":"purchasable","22":"product-type-variable"},"_links":{"self":[{"href":"https:\/\/dasgrasshop.com\/th\/wp-json\/wp\/v2\/product\/2075","targetHints":{"allow":["GET"]}}],"collection":[{"href":"https:\/\/dasgrasshop.com\/th\/wp-json\/wp\/v2\/product"}],"about":[{"href":"https:\/\/dasgrasshop.com\/th\/wp-json\/wp\/v2\/types\/product"}],"replies":[{"embeddable":true,"href":"https:\/\/dasgrasshop.com\/th\/wp-json\/wp\/v2\/comments?post=2075"}],"wp:featuredmedia":[{"embeddable":true,"href":"https:\/\/dasgrasshop.com\/th\/wp-json\/wp\/v2\/media\/2076"}],"wp:attachment":[{"href":"https:\/\/dasgrasshop.com\/th\/wp-json\/wp\/v2\/media?parent=2075"}],"wp:term":[{"taxonomy":"product_brand","embeddable":true,"href":"https:\/\/dasgrasshop.com\/th\/wp-json\/wp\/v2\/product_brand?post=2075"},{"taxonomy":"product_cat","embeddable":true,"href":"https:\/\/dasgrasshop.com\/th\/wp-json\/wp\/v2\/product_cat?post=2075"},{"taxonomy":"product_tag","embeddable":true,"href":"https:\/\/dasgrasshop.com\/th\/wp-json\/wp\/v2\/product_tag?post=2075"}],"curies":[{"name":"wp","href":"https:\/\/api.w.org\/{rel}","templated":true}]}}