{"id":2082,"date":"2022-03-07T20:47:01","date_gmt":"2022-03-07T20:47:01","guid":{"rendered":"https:\/\/dasgrasshop.com\/?post_type=product&#038;p=2082"},"modified":"2023-05-10T00:02:56","modified_gmt":"2023-05-10T00:02:56","slug":"pineapple-express","status":"publish","type":"product","link":"https:\/\/dasgrasshop.com\/th\/product\/pineapple-express\/","title":{"rendered":"Pineapple Express"},"content":{"rendered":"<h2>Kaufen Sie Pineapple Express online von der besten Online-Apotheke<\/h2>\n<p>Pineapple Express zum Verkauf in Deutschland, Austund der Schweiz kann bei Unkrautmarkt.com zu erschwinglichen Preisen in der heutigen Zeit erworben werden. Unser gesamtes Team von Verk\u00e4ufern und Lieferanten steht Ihnen rund um die Uhr zur Verf\u00fcgung, um Ihnen beim Online-Kauf von Pineapple Express zu helfen. Wir sind eine erfahrene Online-Apotheke, die ihre Kunden versteht. Hier k\u00f6nnen Sie die besten Produkte kaufen. Bestellen Sie jetzt Pineapple Express Deutschland, \u00d6sterreich und Schweiz!<\/p>\n<h3>Welche Eigenschaften hat Pineapple Express?<\/h3>\n<p>Pineapple Express entsteht durch eine Kreuzung zwischen Trainwreck und Hawaiian. Es ist eine tropische Knospe. Es erzeugt einen sanften und s\u00fc\u00dfen Rauch, der f\u00fcr Raucher ausreicht, um high zu werden. Es ist eine starke Sorte, die auf dem Online-Markt der USA, Gro\u00dfbritanniens, Kanadas, Deutschlands und Australiens sehr beliebt geworden ist. Der THC-Gehalt dieser Sorte liegt im Allgemeinen \u00fcber 24%. Es duftet wie ein Obststand. Die Knospen von Pineapple Express sind olivfarben und felsenf\u00f6rmig. Sie schmecken wie eine frische Pineapplescheibe. Ihre kurze To-Do-Liste kann mit dieser Sorte in kurzer Zeit erledigt werden. Sie k\u00f6nnen diese Pflanze sowohl drau\u00dfen als auch drinnen anbauen. Die Bl\u00fcte dauert etwa 7-8 Wochen.<\/p>\n<ul>\n<li>Der Geschmack ist superstark.<\/li>\n<li>Sein Summen ist m\u00e4chtig.<\/li>\n<li>Es gibt Ihnen das Gef\u00fchl, durch die Luft zu schweben.<\/li>\n<li>Es erzeugt ein leichtes Taubheitsgef\u00fchl und ein berauschendes und gl\u00fcckliches High.<\/li>\n<li>Es macht die Benutzer kreativ und gespr\u00e4chig.<\/li>\n<li>Es hilft, sich zu konzentrieren und produktiv zu sein.<\/li>\n<li>Es ist hilfreich f\u00fcr Menschen, die unter Angstzust\u00e4nden, M\u00fcdigkeit, Depressionen, chronischem Stress und allgemeiner Unruhe leiden.<\/li>\n<li>Es hat auch einige geringf\u00fcgige beruhigende Eigenschaften.<\/li>\n<\/ul>\n<h3>Wie bestelle ich Pineapple Express online?<\/h3>\n<p>Wenn Sie Pineapple Express in Deutschland, \u00d6sterreich und der Schweiz online bestellen m\u00f6chten, dann w\u00e4hlen Sie daf\u00fcr Unkrautmarkt.com. Wir verpacken Ihre Bestellung sicher und versenden sie an Ihren angegebenen Ort. Es wird von unserer Seite keine Verz\u00f6gerung geben. Verbinde jetzt!<\/p>","protected":false},"excerpt":{"rendered":"<p>Pineapple Express enth\u00e4lt 20,1% THC und kann dazu f\u00fchren, dass Sie sich lebhaft, wach und kreativ f\u00fchlen.<\/p>","protected":false},"featured_media":2083,"comment_status":"open","ping_status":"closed","template":"","meta":[],"product_brand":[],"product_cat":[20],"product_tag":[29,32,33,27,34,30,28,31,35,36],"class_list":{"0":"post-2082","1":"product","2":"type-product","3":"status-publish","4":"has-post-thumbnail","6":"product_cat-exotische-weed-aromen-kaufen","7":"product_tag-cannabis-kaufen","8":"product_tag-cannabis-online-kaufen","9":"product_tag-gras-bestellen","10":"product_tag-gras-kaufen","11":"product_tag-gras-online-kaufen","12":"product_tag-marihuana-kaufen","13":"product_tag-thc-kaufen","14":"product_tag-weed-kaufen","15":"product_tag-weed-online-bestellen","16":"product_tag-weed-online-kaufen","18":"first","19":"instock","20":"shipping-taxable","21":"purchasable","22":"product-type-variable"},"_links":{"self":[{"href":"https:\/\/dasgrasshop.com\/th\/wp-json\/wp\/v2\/product\/2082","targetHints":{"allow":["GET"]}}],"collection":[{"href":"https:\/\/dasgrasshop.com\/th\/wp-json\/wp\/v2\/product"}],"about":[{"href":"https:\/\/dasgrasshop.com\/th\/wp-json\/wp\/v2\/types\/product"}],"replies":[{"embeddable":true,"href":"https:\/\/dasgrasshop.com\/th\/wp-json\/wp\/v2\/comments?post=2082"}],"wp:featuredmedia":[{"embeddable":true,"href":"https:\/\/dasgrasshop.com\/th\/wp-json\/wp\/v2\/media\/2083"}],"wp:attachment":[{"href":"https:\/\/dasgrasshop.com\/th\/wp-json\/wp\/v2\/media?parent=2082"}],"wp:term":[{"taxonomy":"product_brand","embeddable":true,"href":"https:\/\/dasgrasshop.com\/th\/wp-json\/wp\/v2\/product_brand?post=2082"},{"taxonomy":"product_cat","embeddable":true,"href":"https:\/\/dasgrasshop.com\/th\/wp-json\/wp\/v2\/product_cat?post=2082"},{"taxonomy":"product_tag","embeddable":true,"href":"https:\/\/dasgrasshop.com\/th\/wp-json\/wp\/v2\/product_tag?post=2082"}],"curies":[{"name":"wp","href":"https:\/\/api.w.org\/{rel}","templated":true}]}}