{"id":2135,"date":"2022-05-24T18:01:57","date_gmt":"2022-05-24T18:01:57","guid":{"rendered":"https:\/\/dasgrasshop.com\/?post_type=product&#038;p=2135"},"modified":"2022-11-25T22:07:06","modified_gmt":"2022-11-25T22:07:06","slug":"kaufe-marokkanisches-haschisch","status":"publish","type":"product","link":"https:\/\/dasgrasshop.com\/th\/product\/kaufe-marokkanisches-haschisch\/","title":{"rendered":"Kaufe marokkanisches Haschisch"},"content":{"rendered":"<p>Kaufe marokkanisches Haschisch online.<\/p>\n<p>&nbsp;<\/p>\n<p>Marokkanisches Haschisch online kaufen Der wahre Ursprung des Haschischs, das Sie bei uns bestellen k\u00f6nnen, ist unbekannt, aber Historiker sind sich einig, dass es w\u00e4hrend der islamischen Eroberungen, also zwischen dem 15. und 17. Jahrhundert, nach Marokko gebracht wurde. Es vergingen jedoch viele Jahrhunderte, bevor Haschisch massenhaft auf der ganzen Welt verkauft wurde, um die 60er bis 70er Jahre, das goldene Zeitalter der Hippies.<\/p>\n<p>Haschisch, wie es hierzulande bekannt ist, wird normalerweise mit schwarzem Tabak konsumiert, der zu einem Joint gerollt wird. In der Rif-Region ist der Konsum von bestelltem Haschisch jedoch Teil einiger traditioneller Rituale. Im Vergleich zu anderen Gebieten Marokkos genoss diese Region bis in die 1950er Jahre Privilegien in Bezug auf den Anbau und die Verwendung von Cannabis.<\/p>\n<p>Heute verdienen Tausende von Menschen in diesem Land ihren Lebensunterhalt, indem sie Hshish online kaufen und verkaufen. Aufgrund der hohen Temperaturen ist dieses Gebiet ideal f\u00fcr die Haschischproduktion, denn obwohl andere Pflanzenarten dort nicht \u00fcberleben w\u00fcrden, ist das Klima f\u00fcr Unkrautpflanzen, aus denen Haschisch gewonnen wird, \u00e4u\u00dferst g\u00fcnstig.<\/p>\n<p>&nbsp;<\/p>\n<p>marokkanisches Haschisch online kaufen, oder marokkanisches Haschisch ist ein extrahiertes Produkt, das aus komprimierten oder gereinigten Zubereitungen von gestielten Harzdr\u00fcsen, Trichomen genannt, aus der Cannabispflanze besteht. Es enth\u00e4lt die gleichen Wirkstoffe wie Marihuana \u2013 wie Tetrahydrocannabinol (<a href=\"https:\/\/dasgrasshop.com\/th\/\">THC<\/a>) und andere Cannabinoide \u2013 aber oft in h\u00f6heren Konzentrationen als die ungesiebten Knospen oder Bl\u00e4tter, aus denen das Marihuana hergestellt wird. Haschisch kann je nach Zubereitung fest oder harzig sein; gepresstes Haschisch ist normalerweise fest, w\u00e4hrend wassergereinigtes Haschisch \u2013 oft als \u201eBubble Melt Hash\u201c bezeichnet \u2013 oft eine past\u00f6se Substanz mit unterschiedlicher H\u00e4rte und Geschmeidigkeit ist; Seine Farbe, am h\u00e4ufigsten hell- bis dunkelbraun, kann von transparent bis gelb, braun, schwarz oder rot variieren. Dies h\u00e4ngt alles vom Prozess und der Menge des verbleibenden L\u00f6sungsmittels ab.<\/p>\n<p>In diesem Zusammenhang wurden die bisherigen Sitten, Routinen und die traditionellen Kodizes von Leistung, Ehre, Gerechtigkeit und Autorit\u00e4tsmisstrauen aus den Bezirken Br\u00fcssel, Amsterdam und Antwerpen verpflanzt, wodurch diese Gemeinschaften vor allem drastisch zunehmen konnten Zusammen mit der Institution der hilfreichen Beziehung zusammen mit der niederl\u00e4ndischen Penose, damals unter vielen der f\u00fchrenden Rechtsorganisationen in Europa. Unabh\u00e4ngig davon, ob berechtigt oder nicht, charakterisierten die belgischen und niederl\u00e4ndischen Beh\u00f6rden diese Gemeinschaften durch ihre \u201esoziale Isolation\u201c und durch eine \u201eviel aggressivere Stammesgesellschaft\u201c, die sie von anderen Einwanderergemeinschaften unterschied.<\/p>\n<p>Marokkanisches Haschisch online kaufen: Wiederverwendete antike Holz- oder Glast\u00fcren sind eine umweltfreundliche L\u00f6sung, um Innenbereiche aufzupeppen. Erhitzen Sie eine geschmiedete Eisenpfanne bei mittlerer Hitze. Wenn es brutzelt, f\u00fcgen Sie einen Essl\u00f6ffel Traubenkern\u00f6l hinzu und schwenken Sie es, um den Boden in der Pfanne zu bedecken. Erh\u00f6hen Sie die Kartoffel und w\u00fcrzen Sie sie mit einer Prise Salz und schwarzem Pfeffer. der Kronzeuge im Marengo-Prozess, dessen pers\u00f6nlicher Bruder zusammen mit seinem Anwalt von Taghis Organisation ermordet wurde, weil er ihr Innenleben preisgegeben hatte. Derjenige, der verd\u00e4chtigt wird, De Vries get\u00f6tet zu haben, ist tats\u00e4chlich ein Verwandter der Person, die die Kontrolle \u00fcber Taghis Treffer hat Squad, was den holl\u00e4ndischen Beh\u00f6rden zus\u00e4tzliche Gr\u00fcnde liefert, um zu glauben, dass Taghis Organisation f\u00fcr den Mord verantwortlich ist.<\/p>","protected":false},"excerpt":{"rendered":"<p>30 Gramm<\/p>\n<p>Diskreter Service\u2714 100 % Geld-zur\u00fcck-Garantie\u2714 Lieferung mit Sendungsverfolgung\u2714. 100 % Kundenzufriedenheit\u2714. Gratis 5g von 5 verschiedenen Sorten f\u00fcr Erstk\u00e4ufer<\/p>","protected":false},"featured_media":2136,"comment_status":"open","ping_status":"closed","template":"","meta":[],"product_brand":[],"product_cat":[19],"product_tag":[],"class_list":{"0":"post-2135","1":"product","2":"type-product","3":"status-publish","4":"has-post-thumbnail","6":"product_cat-haschisch-online-kaufen","8":"first","9":"instock","10":"sale","11":"shipping-taxable","12":"purchasable","13":"product-type-simple"},"_links":{"self":[{"href":"https:\/\/dasgrasshop.com\/th\/wp-json\/wp\/v2\/product\/2135","targetHints":{"allow":["GET"]}}],"collection":[{"href":"https:\/\/dasgrasshop.com\/th\/wp-json\/wp\/v2\/product"}],"about":[{"href":"https:\/\/dasgrasshop.com\/th\/wp-json\/wp\/v2\/types\/product"}],"replies":[{"embeddable":true,"href":"https:\/\/dasgrasshop.com\/th\/wp-json\/wp\/v2\/comments?post=2135"}],"wp:featuredmedia":[{"embeddable":true,"href":"https:\/\/dasgrasshop.com\/th\/wp-json\/wp\/v2\/media\/2136"}],"wp:attachment":[{"href":"https:\/\/dasgrasshop.com\/th\/wp-json\/wp\/v2\/media?parent=2135"}],"wp:term":[{"taxonomy":"product_brand","embeddable":true,"href":"https:\/\/dasgrasshop.com\/th\/wp-json\/wp\/v2\/product_brand?post=2135"},{"taxonomy":"product_cat","embeddable":true,"href":"https:\/\/dasgrasshop.com\/th\/wp-json\/wp\/v2\/product_cat?post=2135"},{"taxonomy":"product_tag","embeddable":true,"href":"https:\/\/dasgrasshop.com\/th\/wp-json\/wp\/v2\/product_tag?post=2135"}],"curies":[{"name":"wp","href":"https:\/\/api.w.org\/{rel}","templated":true}]}}