{"id":2016,"date":"2022-03-07T13:04:46","date_gmt":"2022-03-07T13:04:46","guid":{"rendered":"https:\/\/dasgrasshop.com\/?post_type=product&#038;p=2016"},"modified":"2022-03-07T13:10:12","modified_gmt":"2022-03-07T13:10:12","slug":"sour-diesel","status":"publish","type":"product","link":"https:\/\/dasgrasshop.com\/vi\/product\/sour-diesel\/","title":{"rendered":"Sour Diesel"},"content":{"rendered":"<p>Sour Diesel online kaufen<br \/>\nSour Diesel ist eine der am meisten gerauchten Sativa-Sorten aller Zeiten. Wenn Sie noch nichts von dieser Sorte geh\u00f6rt haben, leben Sie wahrscheinlich in einer H\u00f6hle in Afghanistan, oder jemand, den Sie kennen, hat sie bereits probiert (und liebt sie wahrscheinlich). Die genaue Abstammung von Sour Diesel ist kompliziert und sehr schlecht dokumentiert, wie es bei den meisten \u00e4lteren Sorten der Fall zu sein scheint.<\/p>\n<p>Einige glauben, dass die Sour Diesel-Sorte einfach von einem Ph\u00e4notyp von Chemdawg abstammt, der etwas anders und mehr auf der Sativa-Seite der Gleichung war. Die beliebteste Abstammungstheorie ist, dass die urspr\u00fcngliche Diesel das Ergebnis einer Kreuzung zwischen (Chemdawg x Super Skunk x Northern Lights) ist. Dieser meist sativafarbene Hybrid (90% Sativa, 10% Indica) wird oft als &#8222;Sour D&#8220; bezeichnet und hat seinen einzigartigen Namen von dem fast diesel- und zitrusartigen Geruch, den er verstr\u00f6mt.<\/p>\n<p>Soweit ich wei\u00df, gibt es Sour Diesel nur in Form von Klonen, und sie ist oft schwer zu finden. Aufgrund dieser Seltenheit der echten Sour Diesel gibt es viele Hybride, die versucht haben, das echte Sour Diesel High zu emulieren. Einige kommen dem sehr nahe, aber es gibt nichts, was mit der echten Sour Diesel vergleichbar ist.<\/p>\n<p>Aussehen und Geruch von Sour Diesel<br \/>\nSour Diesel ist eine hohe, schlanke Pflanze, die sich sowohl f\u00fcr Innen- als auch f\u00fcr Au\u00dfeng\u00e4rten eignet. Ihr Laub verdunkelt sich in den letzten Wochen der Bl\u00fctezeit zu einer fast violetten Farbe. Die Knospen haben in der Regel rosa bis hellorangefarbene Stempel, und die Formation ist locker und spie\u00dff\u00f6rmig.<\/p>\n<p>Alle Sour D, die ich je angebaut habe, hatten eine gro\u00dfe Cola mit 6-9 kleineren Zweigen.<\/p>\n<p>Der Duft ist sehr stark, fast \u00fcberw\u00e4ltigend und doch irgendwie anziehend. Das liegt daran, dass diese Sorte einen ausgepr\u00e4gten, stechenden, grasigen, zitronigen Dieselgeruch hat, der mit einem aufregenden Energieschub einhergeht. Da sie eine dominante Sativa-Linie hat, kann man davon ausgehen, dass sie vor allem auf den Geist wirkt.<\/p>\n<p>Der Rauch<br \/>\nFans der Sorte verwenden Sour Diesel in der Regel als erste Medikamentenquelle, um einen langen Tag zu beginnen &#8211; man f\u00fchlt sich wach und bereit, loszulegen. Da Sour Diesel so sativadominiert ist, wirkt sie fast ausschlie\u00dflich auf zerebrale Funktionen. Es sollte keine Couch-L\u00e4hmung oder schwere K\u00f6rpergef\u00fchle beim Konsum geben, wenn Sie das echte Ding rauchen.<\/p>\n<p>Sour Diesel schmeckt genau so, wie sie riecht: ein klassisches, funky Treibstoffaroma. Das ist auch der Grund, warum man Sour Diesel so leicht aus einer Reihe herausschnuppern kann.<\/p>\n<p>Die Sorte ist so beliebt, weil der Rausch mit \u00fcber 20% THC und einer Wirkungsdauer von 2-3 Stunden einfach unglaublich ist. Da sie so sativadominiert ist, f\u00fcllt sie den K\u00f6rper und vor allem den Geist mit motivierender, erhebender Energie. Sie ist ein eindeutiger Stimmungsaufheller und Depressionsvernichter. Gute Laune zu haben ist ein m\u00fcheloses und nat\u00fcrliches Gef\u00fchl, wenn man Sour Diesel erlebt.<\/p>\n<p>Insgesamt<br \/>\nDie \u00fcberw\u00e4ltigende Popularit\u00e4t von Sour Diesel kommt nicht von ungef\u00e4hr und ist nicht mehr nur ein Ph\u00e4nomen der Ostk\u00fcste. Die Sorte ist eine der faszinierendsten Sorten in der Geschichte des Cannabis. Sie macht lustige Dinge noch lustiger; sie l\u00e4sst gutes Essen noch besser schmecken. Als Stimmungsaufheller macht sie das Leben einfach mehr Spa\u00df. Die gew\u00f6hnlichsten Abende werden schnell unvergesslich, wenn Sour Diesel im Spiel ist. Die Sorte ist nicht nur ein Stimmungsaufheller, sondern hat sich auch als wirksam bei der Behandlung von Depressionen erwiesen. Auch Angstzust\u00e4nde, Stress und Appetitlosigkeit. Diese Sorte ist ihres Ruhmes w\u00fcrdig und wird immer eine der besten Sorten auf dem Planeten sein.<\/p>","protected":false},"excerpt":{"rendered":"<p>Sour Diesel online kaufen Sour Diesel ist eine der am meisten gerauchten Sativa-Sorten aller Zeiten. Wenn Sie noch nichts von dieser Sorte geh\u00f6rt haben, leben Sie wahrscheinlich in einer H\u00f6hle in Afghanistan, oder jemand, den Sie kennen, hat sie bereits probiert (und liebt sie wahrscheinlich). Die genaue Abstammung von Sour Diesel ist kompliziert und sehr [&hellip;]<\/p>","protected":false},"featured_media":2017,"comment_status":"open","ping_status":"closed","template":"","meta":[],"product_brand":[],"product_cat":[20],"product_tag":[29,32,33,27,34,30,28,31,35,36],"class_list":{"0":"post-2016","1":"product","2":"type-product","3":"status-publish","4":"has-post-thumbnail","6":"product_cat-exotische-weed-aromen-kaufen","7":"product_tag-cannabis-kaufen","8":"product_tag-cannabis-online-kaufen","9":"product_tag-gras-bestellen","10":"product_tag-gras-kaufen","11":"product_tag-gras-online-kaufen","12":"product_tag-marihuana-kaufen","13":"product_tag-thc-kaufen","14":"product_tag-weed-kaufen","15":"product_tag-weed-online-bestellen","16":"product_tag-weed-online-kaufen","18":"first","19":"instock","20":"shipping-taxable","21":"purchasable","22":"product-type-variable"},"_links":{"self":[{"href":"https:\/\/dasgrasshop.com\/vi\/wp-json\/wp\/v2\/product\/2016","targetHints":{"allow":["GET"]}}],"collection":[{"href":"https:\/\/dasgrasshop.com\/vi\/wp-json\/wp\/v2\/product"}],"about":[{"href":"https:\/\/dasgrasshop.com\/vi\/wp-json\/wp\/v2\/types\/product"}],"replies":[{"embeddable":true,"href":"https:\/\/dasgrasshop.com\/vi\/wp-json\/wp\/v2\/comments?post=2016"}],"wp:featuredmedia":[{"embeddable":true,"href":"https:\/\/dasgrasshop.com\/vi\/wp-json\/wp\/v2\/media\/2017"}],"wp:attachment":[{"href":"https:\/\/dasgrasshop.com\/vi\/wp-json\/wp\/v2\/media?parent=2016"}],"wp:term":[{"taxonomy":"product_brand","embeddable":true,"href":"https:\/\/dasgrasshop.com\/vi\/wp-json\/wp\/v2\/product_brand?post=2016"},{"taxonomy":"product_cat","embeddable":true,"href":"https:\/\/dasgrasshop.com\/vi\/wp-json\/wp\/v2\/product_cat?post=2016"},{"taxonomy":"product_tag","embeddable":true,"href":"https:\/\/dasgrasshop.com\/vi\/wp-json\/wp\/v2\/product_tag?post=2016"}],"curies":[{"name":"wp","href":"https:\/\/api.w.org\/{rel}","templated":true}]}}