{"id":2050,"date":"2022-03-07T14:38:58","date_gmt":"2022-03-07T14:38:58","guid":{"rendered":"https:\/\/dasgrasshop.com\/?post_type=product&#038;p=2050"},"modified":"2023-04-21T22:15:10","modified_gmt":"2023-04-21T22:15:10","slug":"apple-fritter","status":"publish","type":"product","link":"https:\/\/dasgrasshop.com\/vi\/product\/apple-fritter\/","title":{"rendered":"Apple Fritter"},"content":{"rendered":"<p>Sie k\u00f6nnen Apple Fritteronline kaufen.<br \/>\nAuch bekannt als &#8222;Apple Fritters&#8220;, ist eine seltene, gleichm\u00e4\u00dfig ausbalancierte Hybridsorte (50% Indica\/50% Sativa), die durch Kreuzung der klassischen Sour Apple X Animal Cookies-Sorten entstanden ist. Bekannt daf\u00fcr, dass sie es auf die &#8222;World&#8217;s Strongest Strains&#8220;-Liste der High Times 2016 geschafft hat, bringt dieses Baby einen knallharten Rausch und einen super leckeren Geschmack mit sich, der Dich nach nur einer Kostprobe um mehr betteln lassen wird. Diese Knospe hat einen super s\u00fc\u00dfen, fruchtigen Apfelgeschmack mit einem leicht kuchigen Vanilleausatem, der wie ein k\u00f6stlicher, frisch gebackener Apfelkuchen ist. Das Aroma ist sehr \u00e4hnlich, mit einem pflanzlichen Effekt zu ihm, auch. Das Apple Fritter-High beginnt fast sofort mit dem ersten Ausatmen und f\u00fcllt Ihren Geist mit einem rauschenden Auftrieb, der alle negativen oder rasenden Gedanken fast sofort verdr\u00e4ngt. W\u00e4hrend Dein geistiger Zustand h\u00f6her und h\u00f6her fliegt, wird ein prickelndes k\u00f6rperliches High \u00fcber Dich hinwegflie\u00dfen, das Deine schmerzenden Muskeln entspannt und Dich mit der Welt um Dich herum in v\u00f6lliger Harmonie f\u00fchlen l\u00e4sst. In Kombination mit dem sehr hohen durchschnittlichen THC-Gehalt von 22-28% verleiht diese Wirkung Apple Fritter einen Vorteil bei der Behandlung von Krankheiten wie Schlaflosigkeit, chronischen Schmerzen, Depressionen, Stimmungsschwankungen und chronischem Stress. Diese Knospe hat spatenf\u00f6rmige, dunkelolivgr\u00fcne Knospen mit tiefvioletten Untert\u00f6nen, leuchtend orangefarbenen Haaren und einer Beschichtung aus winzigen wei\u00dfen Kristalltrichomen.<\/p>","protected":false},"excerpt":{"rendered":"<p>Sie k\u00f6nnen Apple Fritteronline kaufen. Auch bekannt als &#8222;Apple Fritters&#8220;, ist eine seltene, gleichm\u00e4\u00dfig ausbalancierte Hybridsorte (50% Indica\/50% Sativa), die durch Kreuzung der klassischen Sour Apple X Animal Cookies-Sorten entstanden ist. Bekannt daf\u00fcr, dass sie es auf die &#8222;World&#8217;s Strongest Strains&#8220;-Liste der High Times 2016 geschafft hat, bringt dieses Baby einen knallharten Rausch und einen [&hellip;]<\/p>","protected":false},"featured_media":2051,"comment_status":"open","ping_status":"closed","template":"","meta":[],"product_brand":[],"product_cat":[20],"product_tag":[29,32,33,27,34,30,28,31,35,36],"class_list":{"0":"post-2050","1":"product","2":"type-product","3":"status-publish","4":"has-post-thumbnail","6":"product_cat-exotische-weed-aromen-kaufen","7":"product_tag-cannabis-kaufen","8":"product_tag-cannabis-online-kaufen","9":"product_tag-gras-bestellen","10":"product_tag-gras-kaufen","11":"product_tag-gras-online-kaufen","12":"product_tag-marihuana-kaufen","13":"product_tag-thc-kaufen","14":"product_tag-weed-kaufen","15":"product_tag-weed-online-bestellen","16":"product_tag-weed-online-kaufen","18":"first","19":"instock","20":"shipping-taxable","21":"purchasable","22":"product-type-variable"},"_links":{"self":[{"href":"https:\/\/dasgrasshop.com\/vi\/wp-json\/wp\/v2\/product\/2050","targetHints":{"allow":["GET"]}}],"collection":[{"href":"https:\/\/dasgrasshop.com\/vi\/wp-json\/wp\/v2\/product"}],"about":[{"href":"https:\/\/dasgrasshop.com\/vi\/wp-json\/wp\/v2\/types\/product"}],"replies":[{"embeddable":true,"href":"https:\/\/dasgrasshop.com\/vi\/wp-json\/wp\/v2\/comments?post=2050"}],"wp:featuredmedia":[{"embeddable":true,"href":"https:\/\/dasgrasshop.com\/vi\/wp-json\/wp\/v2\/media\/2051"}],"wp:attachment":[{"href":"https:\/\/dasgrasshop.com\/vi\/wp-json\/wp\/v2\/media?parent=2050"}],"wp:term":[{"taxonomy":"product_brand","embeddable":true,"href":"https:\/\/dasgrasshop.com\/vi\/wp-json\/wp\/v2\/product_brand?post=2050"},{"taxonomy":"product_cat","embeddable":true,"href":"https:\/\/dasgrasshop.com\/vi\/wp-json\/wp\/v2\/product_cat?post=2050"},{"taxonomy":"product_tag","embeddable":true,"href":"https:\/\/dasgrasshop.com\/vi\/wp-json\/wp\/v2\/product_tag?post=2050"}],"curies":[{"name":"wp","href":"https:\/\/api.w.org\/{rel}","templated":true}]}}