{"id":2062,"date":"2022-03-07T14:56:07","date_gmt":"2022-03-07T14:56:07","guid":{"rendered":"https:\/\/dasgrasshop.com\/?post_type=product&#038;p=2062"},"modified":"2022-12-12T14:35:01","modified_gmt":"2022-12-12T14:35:01","slug":"northern-lights","status":"publish","type":"product","link":"https:\/\/dasgrasshop.com\/vi\/product\/northern-lights\/","title":{"rendered":"Northern lights"},"content":{"rendered":"<p>Northern Lights Indica-Sorte<br \/>\nManche Sorten sind einfach ber\u00fchmt; Northern Lights (Afghanica) hat jedoch einen legend\u00e4ren Status erreicht.<\/p>\n<p>Wenn Sie ein regelm\u00e4\u00dfiger Cannabiskonsument sind, ist die Wahrscheinlichkeit sehr gro\u00df, dass Sie entweder Northern Lights probiert haben. Oder eine der Schwestersorten der Sorte, wie z.B.: Sour Diesel und Shiva Skunk, um nur ein paar zu nennen. Die genaue Abstammung und Geschichte von Northern Lights ist geheimnisumwittert und k\u00f6nnte f\u00fcr immer verloren sein.<\/p>\n<p>Die vorherrschende Theorie besagt, dass die Sorte urspr\u00fcnglich aus dem pazifischen Nordwesten stammt und nur wenige Fans hat. Dann machte sie sich auf den Weg nach Holland, wo die beiden besten Ph\u00e4notypen gekreuzt wurden (Northern Lights #5 x Northern Lights #2). Die NL #5 hat die wichtigste Rolle in der Kreuzung \u00fcbernommen, weil NL #5 die Potenz erh\u00f6ht und die Bl\u00fctezeit verk\u00fcrzt. Die NL #2 verleiht der Sorte den fantastischen Geschmack und Geruch und tr\u00e4gt zur allgemeinen Kraft und St\u00e4rke des Highs bei. Au\u00dferdem ist NL #2 eine widerstandsf\u00e4higere Pflanze mit besserer Resistenz gegen Schimmel und Sch\u00e4dlinge als andere Ph\u00e4notypen.<\/p>\n<p>Aussehen und Geruch von Northern Lights<br \/>\nDiese Sorte war wundersch\u00f6n anzusehen, sowohl aus der N\u00e4he als auch aus der Ferne. Das achte Exemplar, das ich f\u00fcr diesen Test erhielt, hatte die Form eines gro\u00dfen Nug, das kunstvoll geschnitten war. Es zeigte das gesamte &#8222;Innenleben&#8220; der Knospe, w\u00e4hrend es immer noch eine perfekte Menge an Blattmaterial zur\u00fccklie\u00df, um nat\u00fcrlich auszusehen. Die F\u00e4rbung war insgesamt sehr hell mit knackigen Gr\u00fcnt\u00f6nen und fast goldfarbenen Bl\u00fctenstempeln. northern lights indica strain.<\/p>\n<p>Northern Lights pr\u00e4sentiert sich mit kompakten, dichten Knospen, die mit einem silbrig-wei\u00dfen Zuckerguss aus Trichromen \u00fcberzogen sind, die oft durch ein paar Zentimeter Stiel getrennt sind, was das Trimmen zu einem Kinderspiel macht und einen hervorragenden Ertrag liefert. Obwohl die Knospen dicht und dick sind (typische Indica-Struktur), sind sie nicht so undurchdringlich, dass Knospenf\u00e4ule ein gro\u00dfes Problem darstellt &#8211; was bei vielen Indica-Sorten ein gro\u00dfes Problem sein kann -, was Northern Lights zu einer guten Indica macht, die auch in feuchten Umgebungen angebaut werden kann.<\/p>\n<p>Das Aroma ist ein frischer, pflanzlicher und leicht skunkiger Geruch aus der Ferne, der sich in ein komplexes, s\u00fc\u00dfes Zitrus-Kiefern-Aroma mit Eukalyptus-Noten verwandelt, wenn die Flowres gequetscht werden. Wenn man sie zerkleinert, wird das Aroma noch sch\u00e4rfer und nimmt eine moschusartige Zitrusqualit\u00e4t an, die an verbrannte Orangenschalen gemischt mit ein wenig Kiefer erinnert.<\/p>\n<p>Der Rauch<br \/>\nLeicht s\u00fc\u00df und zitrusartig beim Einatmen, eher kiefernartig und moschusartig beim Ausatmen. Die Northern Lights Sorte schmeckte definitiv so, wie sie roch, obwohl sie insgesamt etwas weniger scharf war. Der Rauch und der Geschmack haben eine weiche Qualit\u00e4t, die am besten als &#8222;buttrig&#8220; beschrieben werden kann, aber auch Elemente der Expansion, die bei gr\u00f6\u00dferen Z\u00fcgen Hustenanf\u00e4lle verursachten. Das Verdampfen der Knospe w\u00fcrde wahrscheinlich helfen, dies zu lindern. Die glatte Erfahrung mit soliden Geschmack Erhaltung mit jedem Hit, die Sch\u00fcssel endete mit einem sehr hellgrau. Fast wei\u00dfe Asche, die zeigt, dass der Z\u00fcchter einen propperen Flush gemacht hat.<\/p>\n<p>Einige sagen, dass dies eine &#8222;Kriecher&#8220;-Sorte ist, aber f\u00fcr mich hatte die Wirkung sofortige Gef\u00fchle der Euphorie und starke fast \u00fcberw\u00e4ltigende zerebrale Effekte &#8211; und das war nur der erste Zug. Nach ein paar weiteren Z\u00fcgen, die mit dem intensiven Indica-High einhergehen, entwickelt sich ein sehr angenehmes und beruhigendes Gef\u00fchl des Wohlbefindens und Gl\u00fccks. northern lights indica strain.<\/p>\n<p>Insgesamt<br \/>\nAlles in allem ist Northern Lights ein gro\u00dfartiges Beispiel f\u00fcr eine Genetik der alten Schule, die durch moderne Anbautechniken belebt wird. Die kr\u00e4ftige, indicadominierte Knospenstruktur mit ihren dickk\u00f6pfigen Trichromen. Und eine Reihe von hellen Farben war wunderbar zu bewundern und machte es fast schwer, eine solche Sch\u00f6nheit zu rauchen. (Ich sagte fast.)<\/p>\n<p>W\u00e4hrend der Geruch und der Geschmack die Erwartungen \u00fcbertrafen, war die Indica-Dominanz definitiv sp\u00fcrbar. Obwohl sie technisch gesehen ein Hybrid ist, betrachten die meisten diese Sorte als Indica, mit einem Anteil von 95% Indica und 5% Sativa. Dies wiederum macht die Sorte ein wenig schwer f\u00fcr den Tagesbetrieb. Empfehlenswert f\u00fcr moderate bis erfahrene Raucher. In erster Linie als Abend- oder Feierabend-Indica, wenn starke Entspannung gew\u00fcnscht ist.<\/p>\n<p>Der Rausch h\u00e4lt typischerweise 2-3 Stunden an, und die Northern Lights Sorte hat sich bei der Behandlung von Stress, Angst und Nervosit\u00e4t bew\u00e4hrt. Auch bei Reizdarmsyndrom, \u00dcbelkeit, Depressionen, chronischen Schmerzen, R\u00fcckenschmerzen, Arthritis und anderen k\u00f6rperbezogenen Problemen. Ich fand sie auch sehr hilfreich bei Schlaflosigkeitsproblemen, und diese Sorte ist jetzt meine erste Wahl in schlaflosen N\u00e4chten.<\/p>\n<p>Der einzige Nachteil von Northern Lights ist, dass die urspr\u00fcngliche Sorte nur noch sehr selten zu finden ist. Die meisten Apotheken verkaufen nicht die echte Sorte, sondern Hybride, aber nicht die echte Northern Lights. Machen Sie also Ihre Hausaufgaben, sprechen Sie mit seri\u00f6sen Leuten, und sichern Sie sich diesen Klassiker! Kontaktieren Sie uns<\/p>\n<p>&nbsp;<\/p>\n<p>weed online kaufen vereinigte staaten, weed online kaufen in Gro\u00dfbritannien, weed online kaufen in Irland, weed online kaufen in der Schweiz, weed online kaufen in Australien, weed online kaufen in Italien, weed online kaufen in D\u00e4nemark, weed online kaufen in der Europ\u00e4ischen Union, weed online kaufen in Frankreich, weed online kaufen<\/p>","protected":false},"excerpt":{"rendered":"<p>Northern Lights Indica-Sorte Manche Sorten sind einfach ber\u00fchmt; Northern Lights (Afghanica) hat jedoch einen legend\u00e4ren Status erreicht. Wenn Sie ein regelm\u00e4\u00dfiger Cannabiskonsument sind, ist die Wahrscheinlichkeit sehr gro\u00df, dass Sie entweder Northern Lights probiert haben. Oder eine der Schwestersorten der Sorte, wie z.B.: Sour Diesel und Shiva Skunk, um nur ein paar zu nennen. Die [&hellip;]<\/p>","protected":false},"featured_media":2063,"comment_status":"open","ping_status":"closed","template":"","meta":[],"product_brand":[],"product_cat":[20],"product_tag":[29,32,33,27,34,30,28,31,35,36],"class_list":{"0":"post-2062","1":"product","2":"type-product","3":"status-publish","4":"has-post-thumbnail","6":"product_cat-exotische-weed-aromen-kaufen","7":"product_tag-cannabis-kaufen","8":"product_tag-cannabis-online-kaufen","9":"product_tag-gras-bestellen","10":"product_tag-gras-kaufen","11":"product_tag-gras-online-kaufen","12":"product_tag-marihuana-kaufen","13":"product_tag-thc-kaufen","14":"product_tag-weed-kaufen","15":"product_tag-weed-online-bestellen","16":"product_tag-weed-online-kaufen","18":"first","19":"instock","20":"shipping-taxable","21":"purchasable","22":"product-type-variable"},"_links":{"self":[{"href":"https:\/\/dasgrasshop.com\/vi\/wp-json\/wp\/v2\/product\/2062","targetHints":{"allow":["GET"]}}],"collection":[{"href":"https:\/\/dasgrasshop.com\/vi\/wp-json\/wp\/v2\/product"}],"about":[{"href":"https:\/\/dasgrasshop.com\/vi\/wp-json\/wp\/v2\/types\/product"}],"replies":[{"embeddable":true,"href":"https:\/\/dasgrasshop.com\/vi\/wp-json\/wp\/v2\/comments?post=2062"}],"wp:featuredmedia":[{"embeddable":true,"href":"https:\/\/dasgrasshop.com\/vi\/wp-json\/wp\/v2\/media\/2063"}],"wp:attachment":[{"href":"https:\/\/dasgrasshop.com\/vi\/wp-json\/wp\/v2\/media?parent=2062"}],"wp:term":[{"taxonomy":"product_brand","embeddable":true,"href":"https:\/\/dasgrasshop.com\/vi\/wp-json\/wp\/v2\/product_brand?post=2062"},{"taxonomy":"product_cat","embeddable":true,"href":"https:\/\/dasgrasshop.com\/vi\/wp-json\/wp\/v2\/product_cat?post=2062"},{"taxonomy":"product_tag","embeddable":true,"href":"https:\/\/dasgrasshop.com\/vi\/wp-json\/wp\/v2\/product_tag?post=2062"}],"curies":[{"name":"wp","href":"https:\/\/api.w.org\/{rel}","templated":true}]}}