{"id":2068,"date":"2022-03-07T15:03:57","date_gmt":"2022-03-07T15:03:57","guid":{"rendered":"https:\/\/dasgrasshop.com\/?post_type=product&#038;p=2068"},"modified":"2022-07-31T00:08:33","modified_gmt":"2022-07-31T00:08:33","slug":"runtz-gras-kaufen","status":"publish","type":"product","link":"https:\/\/dasgrasshop.com\/vi\/product\/runtz-gras-kaufen\/","title":{"rendered":"Runtz Gras kaufen"},"content":{"rendered":"<p>Runtz Strain haben wir wei\u00df Runtz zum Verkauf, wei\u00df runtz Stamm, exotische runtz Stamm, gruntz Stamm, vlone runtz Stamm, Runtz Cannabis Stamm Klicken Sie hier, um alle runts St\u00e4mme zum Verkauf auf unserer Website sehen<br \/>\nHybrid &#8211; 50% Sativa \/50% Indica#<br \/>\nTHC: 23% &#8211; 24%<br \/>\nKaufen Runtz weed Strain Germany<br \/>\nKaufen Runtz weed Strain Europe<\/p>\n<p>Runtz Weed ist eine Sorte von Cannabis frisch aus LA, mit einem Terpenprofil, das die meisten als S\u00fc\u00dfigkeit beschreiben w\u00fcrden. Allerdings hat Runtz als Sorte eine unglaublich vielf\u00e4ltige Anzahl von Ph\u00e4notypen, die sich drastisch auf die Daten auswirken k\u00f6nnen, so dass es fast unm\u00f6glich ist, zu sagen, ob Runtz ein Sativa- oder Indica-Hybrid ist, da verschiedene Ph\u00e4notypen am Ende in verschiedene Richtungen tendieren.<\/p>\n<p>Dies gilt auch f\u00fcr den THC- und CBD-Gehalt, der pro Anbau getestet wird und im Moment nicht im Internet verf\u00fcgbar ist.<\/p>\n<p>Medizinisches Runtz-Weed f\u00fcr den Freizeitgebrauch online kaufen Germany<br \/>\nRuntz ist eine Cannabissorte frisch aus L.A., mit einem Terpenprofil, das die meisten als S\u00fc\u00dfigkeit beschreiben w\u00fcrden.<br \/>\nAllerdings hat Runtz als Sorte eine unglaublich vielf\u00e4ltige Anzahl von Ph\u00e4notypen, die sich drastisch auf ihre Daten auswirken k\u00f6nnen.<br \/>\nDies gilt auch f\u00fcr den THC- und CBD-Gehalt, der pro Anbau getestet wird und im Moment nicht im Internet verf\u00fcgbar ist.<br \/>\nSie ist eine beliebte Sorte unter Cannabis-Rauchern, die sich f\u00fcr die Kultur und die Werbung hinter den Verpackungen von Cannabisprodukten interessieren.<br \/>\nWenn sie richtig getrocknet und ausgeh\u00e4rtet wird, k\u00f6nnen die Nutzer Farben jenseits von Gr\u00fcn in der Knospe erkennen.<br \/>\nIn den dichten Knospen von Runtz findet sich oft eine lebhafte Farbpalette von Blau und Violett bis hin zu dunklem Gr\u00fcn und leuchtenden Oranget\u00f6nen.<br \/>\nDaher ist es fast unm\u00f6glich zu sagen, ob Runtz ein Sativa- oder Indica-Hybrid ist.<br \/>\nEs ist eine unglaublich schwer zu findende Sorte, die fast ausschlie\u00dflich von Los Angeles aus verkauft wird.<br \/>\nIm Internet gibt es nur wenige bis gar keine Informationen \u00fcber Runtz.<br \/>\nViele schreiben, dass diese Sorte gut zur Linderung von Stress, Angst und chronischen Schmerzen ist.<br \/>\nSie werden sich wahrscheinlich euphorisch und gl\u00fccklich f\u00fchlen, aber nicht genug, um das Haus zu verlassen.<\/p>\n<p>White Runtz Weed kaufen. White Runtz Weed ist eine ausgewogene Hybridsorte (50% Indica\/50% Sativa), die durch Kreuzung der klassischen Zkittlez X Gelato-Sorten entstand. Bekannt f\u00fcr seinen super leckeren Geschmack und sein lang anhaltendes High, ist White Runtz perfekt f\u00fcr jeden Hybrid-Liebhaber. Diese White Runtz Weed-Sorte hat einen Geschmack, wie der Name schon sagt &#8211; s\u00fc\u00df-saure Fruchtbonbons mit einem leichten Hauch von Zitrusfr\u00fcchten. Auch das Aroma ist sehr \u00e4hnlich, mit einem erdigen Zitruston, der durch frische s\u00fc\u00dfe Fr\u00fcchte akzentuiert wird. Auf die gleiche Weise ist das High der White Runtz Weed Sorte genauso k\u00f6stlich wie der Geschmack. Runtz Cannabis Stamm, was ist runtz Stamm, rosa runtz Stamm, lila runtz Stamm, vlone runtz Stamm, wei\u00df runtz ,Germany Uk , USA, Europa, Wo, onlinne,<\/p>\n<p>Was eine andere Runtz-Sorte namens White Runtz betrifft, so ist ihr Ursprung ebenfalls unklar. Es k\u00f6nnte sich um einen anderen Ph\u00e4notyp von Runtz handeln, da sie eine vergleichbare Menge an THC hat, obwohl andere behaupten, dass sie ein Produkt der Zusammenarbeit zwischen Runtz und Cookies ist. Die Knospen dieser Sorte sind normalerweise lila und gr\u00fcn. White Runtz ist eine indicadominierte Sorte, was bedeutet, dass man sich zwar anfangs bewegen m\u00f6chte, es aber nicht die beste Idee ist, das Haus zu verlassen. Gegenw\u00e4rtig ist sie eine der beliebtesten Cannabissorten in Kalifornien, weshalb es nicht ungew\u00f6hnlich ist, als White Runtz etikettiertes Weed zu finden, das keine ihrer Eigenschaften aufweist.<\/p>\n<p>Anbau der Sorte Runtz<\/p>\n<p>Eine Cannabispflanze, die von ihrem Ursprung her gez\u00fcchtet wird, gibt es in zwei Arten, einer m\u00e4nnlichen und einer weiblichen. White Runtz ist ein spezielles Produkt, das entsteht, wenn das M\u00e4nnchen das Weibchen befruchtet. Dabei entsteht etwas, das als &#8222;Hybrid&#8220; bezeichnet wird, weil es die Merkmale sowohl der weiblichen als auch der m\u00e4nnlichen Pflanze enth\u00e4lt. Wo sie einst die hei\u00dfeste Sorte auf dem Markt war, ist sie heute nur noch ein seltener und sanfter Stolperer.<br \/>\nAuswirkungen der Runtz-Sorte<br \/>\nDieses einzigartige Produkt hat die gr\u00f6\u00dfte Wirkung auf Stress und l\u00e4sst ihn verschwinden wie nie zuvor. Aus dem R\u00fcckzug der d\u00fcsteren Gef\u00fchle der Verzweiflung und Frustration, kommt es mit dem subtilen Gef\u00fchl der reinen Gl\u00fcckseligkeit, Gl\u00fcck, Positivit\u00e4t und Frieden.<br \/>\nWir liefern und ein Einzelhandel gute Auswahl an wei\u00dfen runtz Unkraut Stamm White Kuntz, White runtz, Buy Pink runtz Stamm online, wei\u00df runtz Stamm Bilder, rosa runtz Preis, wei\u00df runtz Stamm Genetik<\/p>\n<p>wie viel ist ein Pfund runtz, Pink runtz Stamm online bestellen, White runtz weed for sale, Buy White runtz weed online. Wo kann man White Runtz Weed kaufen, Exotische Runtz Sorte, Runtz Sorte<\/p>\n<p>vlone runtz Stamm, Witze bis runtz Taschen, wei\u00df runtz indica oder sativa, wei\u00df runtz Stamm bl\u00e4ttrig, gruntz von runtz Stamm, wei\u00df runtz Stamm \u00dcberpr\u00fcfung, gruntz Cookies, wei\u00df runtz mylar Taschen, Granddaddy lila<\/p>\n<p>gruntz Stamm, gruntz Stamm uk, Sonnenuntergang runtz, Eiscreme Kuchen Stamm, runtz Dosen zum Verkauf, Kaufen cbd \u00d6l online, kaufen Smart Knospe Dosen online ,<\/p>\n<p>white runtz Stamm beziehen kewords<br \/>\nwie viel ist ein Pfund wei\u00df runtz, Wie viel ist wei\u00df runtz, wei\u00df runtz kush, wei\u00df runtz og, runtz website, runtz carts, cookies runtz, hawaiian runtz, Sundae Driver Strain zu verkaufen, Wo kann ich echte <a href=\"https:\/\/deligentman.com\/\" target=\"_blank\" rel=\"noopener\">Jungle Boys Weed<\/a> online finden<\/p>\n<p>&nbsp;<\/p>","protected":false},"excerpt":{"rendered":"<p>Runtz Strain haben wir wei\u00df Runtz zum Verkauf, wei\u00df runtz Stamm, exotische runtz Stamm, gruntz Stamm, vlone runtz Stamm, Runtz Cannabis Stamm Klicken Sie hier, um alle runts St\u00e4mme zum Verkauf auf unserer Website sehen Hybrid &#8211; 50% Sativa \/50% Indica# THC: 23% &#8211; 24% Kaufen Runtz weed Strain Germany Kaufen Runtz weed Strain Europe [&hellip;]<\/p>","protected":false},"featured_media":2069,"comment_status":"open","ping_status":"closed","template":"","meta":[],"product_brand":[],"product_cat":[20],"product_tag":[],"class_list":{"0":"post-2068","1":"product","2":"type-product","3":"status-publish","4":"has-post-thumbnail","6":"product_cat-exotische-weed-aromen-kaufen","8":"first","9":"instock","10":"shipping-taxable","11":"purchasable","12":"product-type-variable"},"_links":{"self":[{"href":"https:\/\/dasgrasshop.com\/vi\/wp-json\/wp\/v2\/product\/2068","targetHints":{"allow":["GET"]}}],"collection":[{"href":"https:\/\/dasgrasshop.com\/vi\/wp-json\/wp\/v2\/product"}],"about":[{"href":"https:\/\/dasgrasshop.com\/vi\/wp-json\/wp\/v2\/types\/product"}],"replies":[{"embeddable":true,"href":"https:\/\/dasgrasshop.com\/vi\/wp-json\/wp\/v2\/comments?post=2068"}],"wp:featuredmedia":[{"embeddable":true,"href":"https:\/\/dasgrasshop.com\/vi\/wp-json\/wp\/v2\/media\/2069"}],"wp:attachment":[{"href":"https:\/\/dasgrasshop.com\/vi\/wp-json\/wp\/v2\/media?parent=2068"}],"wp:term":[{"taxonomy":"product_brand","embeddable":true,"href":"https:\/\/dasgrasshop.com\/vi\/wp-json\/wp\/v2\/product_brand?post=2068"},{"taxonomy":"product_cat","embeddable":true,"href":"https:\/\/dasgrasshop.com\/vi\/wp-json\/wp\/v2\/product_cat?post=2068"},{"taxonomy":"product_tag","embeddable":true,"href":"https:\/\/dasgrasshop.com\/vi\/wp-json\/wp\/v2\/product_tag?post=2068"}],"curies":[{"name":"wp","href":"https:\/\/api.w.org\/{rel}","templated":true}]}}